{"id":51496,"date":"2025-10-02T07:22:19","date_gmt":"2025-10-02T07:22:19","guid":{"rendered":"https:\/\/goolets.net\/comeca-a-planear-o-teu-aluguer-de-iate\/"},"modified":"2025-10-02T07:22:19","modified_gmt":"2025-10-02T07:22:19","slug":"comeca-a-planear-o-teu-aluguer-de-iate","status":"publish","type":"page","link":"https:\/\/goolets.net\/pt-pt\/comeca-a-planear-o-teu-aluguer-de-iate\/","title":{"rendered":"Come\u00e7a a planear o teu aluguer de iate"},"content":{"rendered":"<p>Preenche o formul\u00e1rio abaixo e os nossos especialistas em aluguer de iates entrar\u00e3o em contacto contigo para te ajudar a planear a viagem dos teus sonhos.<\/p>\n","protected":false},"excerpt":{"rendered":"<p>Preenche o formul\u00e1rio abaixo e os nossos especialistas em aluguer de iates entrar\u00e3o em contacto contigo para te ajudar a planear a viagem dos teus sonhos.<\/p>\n","protected":false},"author":1,"featured_media":0,"parent":0,"menu_order":0,"comment_status":"closed","ping_status":"closed","template":"","meta":{"_acf_changed":false,"inline_featured_image":false,"footnotes":""},"class_list":["post-51496","page","type-page","status-publish","hentry"],"acf":[],"yoast_head":"<!-- This site is optimized with the Yoast SEO Premium plugin v26.7 (Yoast SEO v26.7) - https:\/\/yoast.com\/wordpress\/plugins\/seo\/ -->\n<title>Come\u00e7a a planear o teu aluguer de iate - Goolets<\/title>\n<meta name=\"robots\" content=\"index, follow, max-snippet:-1, max-image-preview:large, max-video-preview:-1\" \/>\n<link rel=\"canonical\" href=\"https:\/\/goolets.net\/pt-pt\/comeca-a-planear-o-teu-aluguer-de-iate\/\" \/>\n<meta property=\"og:locale\" content=\"pt_PT\" \/>\n<meta property=\"og:type\" content=\"article\" \/>\n<meta property=\"og:title\" content=\"Come\u00e7a a planear o teu aluguer de iate\" \/>\n<meta property=\"og:description\" content=\"Preenche o formul\u00e1rio abaixo e os nossos especialistas em aluguer de iates entrar\u00e3o em contacto contigo para te ajudar a planear a viagem dos teus s\" \/>\n<meta property=\"og:url\" content=\"https:\/\/goolets.net\/pt-pt\/comeca-a-planear-o-teu-aluguer-de-iate\/\" \/>\n<meta property=\"og:site_name\" content=\"Goolets\" \/>\n<meta property=\"article:publisher\" content=\"https:\/\/www.facebook.com\/GooletsCruising\/\" \/>\n<meta name=\"twitter:card\" content=\"summary_large_image\" \/>\n<meta name=\"twitter:site\" content=\"@gooletscruising\" \/>\n<script type=\"application\/ld+json\" class=\"yoast-schema-graph\">{\"@context\":\"https:\/\/schema.org\",\"@graph\":[{\"@type\":\"WebPage\",\"@id\":\"https:\/\/goolets.net\/pt-pt\/comeca-a-planear-o-teu-aluguer-de-iate\/\",\"url\":\"https:\/\/goolets.net\/pt-pt\/comeca-a-planear-o-teu-aluguer-de-iate\/\",\"name\":\"Come\u00e7a a planear o teu aluguer de iate - Goolets\",\"isPartOf\":{\"@id\":\"https:\/\/goolets.net\/pt-pt\/#website\"},\"datePublished\":\"2025-10-02T07:22:19+00:00\",\"breadcrumb\":{\"@id\":\"https:\/\/goolets.net\/pt-pt\/comeca-a-planear-o-teu-aluguer-de-iate\/#breadcrumb\"},\"inLanguage\":\"pt-PT\",\"potentialAction\":[{\"@type\":\"ReadAction\",\"target\":[\"https:\/\/goolets.net\/pt-pt\/comeca-a-planear-o-teu-aluguer-de-iate\/\"]}]},{\"@type\":\"BreadcrumbList\",\"@id\":\"https:\/\/goolets.net\/pt-pt\/comeca-a-planear-o-teu-aluguer-de-iate\/#breadcrumb\",\"itemListElement\":[{\"@type\":\"ListItem\",\"position\":1,\"name\":\"Home\",\"item\":\"https:\/\/goolets.net\/pt-pt\/\"},{\"@type\":\"ListItem\",\"position\":2,\"name\":\"Come\u00e7a a planear o teu aluguer de iate\"}]},{\"@type\":\"WebSite\",\"@id\":\"https:\/\/goolets.net\/pt-pt\/#website\",\"url\":\"https:\/\/goolets.net\/pt-pt\/\",\"name\":\"Goolets\",\"description\":\"\",\"publisher\":{\"@id\":\"https:\/\/goolets.net\/pt-pt\/#organization\"},\"potentialAction\":[{\"@type\":\"SearchAction\",\"target\":{\"@type\":\"EntryPoint\",\"urlTemplate\":\"https:\/\/goolets.net\/pt-pt\/?s={search_term_string}\"},\"query-input\":{\"@type\":\"PropertyValueSpecification\",\"valueRequired\":true,\"valueName\":\"search_term_string\"}}],\"inLanguage\":\"pt-PT\"},{\"@type\":[\"Organization\",\"Place\",\"TravelAgency\"],\"@id\":\"https:\/\/goolets.net\/pt-pt\/#organization\",\"name\":\"Goolets\",\"alternateName\":\"Goolets yacht charter company\",\"url\":\"https:\/\/goolets.net\/pt-pt\/\",\"logo\":{\"@id\":\"https:\/\/goolets.net\/pt-pt\/comeca-a-planear-o-teu-aluguer-de-iate\/#local-main-organization-logo\"},\"image\":{\"@id\":\"https:\/\/goolets.net\/pt-pt\/comeca-a-planear-o-teu-aluguer-de-iate\/#local-main-organization-logo\"},\"sameAs\":[\"https:\/\/www.facebook.com\/GooletsCruising\/\",\"https:\/\/x.com\/gooletscruising\",\"https:\/\/www.youtube.com\/channel\/UCJi8ZtNRy07_IEaEew1-xgw\",\"https:\/\/www.instagram.com\/goolets\/\"],\"foundingDate\":\"2005-06-01\",\"numberOfEmployees\":{\"@type\":\"QuantitativeValue\",\"minValue\":\"11\",\"maxValue\":\"50\"},\"address\":{\"@id\":\"https:\/\/goolets.net\/pt-pt\/comeca-a-planear-o-teu-aluguer-de-iate\/#local-main-place-address\"},\"telephone\":[\"+38616208891\",\"+16463812043\"],\"openingHoursSpecification\":[{\"@type\":\"OpeningHoursSpecification\",\"dayOfWeek\":[\"Monday\",\"Tuesday\",\"Wednesday\",\"Thursday\",\"Friday\",\"Saturday\",\"Sunday\"],\"opens\":\"09:00\",\"closes\":\"17:00\"}],\"email\":\"charter@goolets.net\",\"vatID\":\"SI54963516\",\"globalLocationNumber\":\"+38616208891\"},{\"@type\":\"PostalAddress\",\"@id\":\"https:\/\/goolets.net\/pt-pt\/comeca-a-planear-o-teu-aluguer-de-iate\/#local-main-place-address\",\"streetAddress\":\"Taborska cesta 38D\",\"addressLocality\":\"Grosuplje\",\"postalCode\":\"1290\",\"addressCountry\":\"SI\"},{\"@type\":\"ImageObject\",\"inLanguage\":\"pt-PT\",\"@id\":\"https:\/\/goolets.net\/pt-pt\/comeca-a-planear-o-teu-aluguer-de-iate\/#local-main-organization-logo\",\"url\":\"https:\/\/goolets.net\/wp-content\/uploads\/2025\/07\/goolets-logo.svg\",\"contentUrl\":\"https:\/\/goolets.net\/wp-content\/uploads\/2025\/07\/goolets-logo.svg\",\"width\":56,\"height\":57,\"caption\":\"Goolets\"}]}<\/script>\n<meta name=\"geo.placename\" content=\"Grosuplje\" \/>\n<meta name=\"geo.region\" content=\"Eslov\u00e9nia\" \/>\n<!-- \/ Yoast SEO Premium plugin. -->","yoast_head_json":{"title":"Come\u00e7a a planear o teu aluguer de iate - Goolets","robots":{"index":"index","follow":"follow","max-snippet":"max-snippet:-1","max-image-preview":"max-image-preview:large","max-video-preview":"max-video-preview:-1"},"canonical":"https:\/\/goolets.net\/pt-pt\/comeca-a-planear-o-teu-aluguer-de-iate\/","og_locale":"pt_PT","og_type":"article","og_title":"Come\u00e7a a planear o teu aluguer de iate","og_description":"Preenche o formul\u00e1rio abaixo e os nossos especialistas em aluguer de iates entrar\u00e3o em contacto contigo para te ajudar a planear a viagem dos teus s","og_url":"https:\/\/goolets.net\/pt-pt\/comeca-a-planear-o-teu-aluguer-de-iate\/","og_site_name":"Goolets","article_publisher":"https:\/\/www.facebook.com\/GooletsCruising\/","twitter_card":"summary_large_image","twitter_site":"@gooletscruising","schema":{"@context":"https:\/\/schema.org","@graph":[{"@type":"WebPage","@id":"https:\/\/goolets.net\/pt-pt\/comeca-a-planear-o-teu-aluguer-de-iate\/","url":"https:\/\/goolets.net\/pt-pt\/comeca-a-planear-o-teu-aluguer-de-iate\/","name":"Come\u00e7a a planear o teu aluguer de iate - Goolets","isPartOf":{"@id":"https:\/\/goolets.net\/pt-pt\/#website"},"datePublished":"2025-10-02T07:22:19+00:00","breadcrumb":{"@id":"https:\/\/goolets.net\/pt-pt\/comeca-a-planear-o-teu-aluguer-de-iate\/#breadcrumb"},"inLanguage":"pt-PT","potentialAction":[{"@type":"ReadAction","target":["https:\/\/goolets.net\/pt-pt\/comeca-a-planear-o-teu-aluguer-de-iate\/"]}]},{"@type":"BreadcrumbList","@id":"https:\/\/goolets.net\/pt-pt\/comeca-a-planear-o-teu-aluguer-de-iate\/#breadcrumb","itemListElement":[{"@type":"ListItem","position":1,"name":"Home","item":"https:\/\/goolets.net\/pt-pt\/"},{"@type":"ListItem","position":2,"name":"Come\u00e7a a planear o teu aluguer de iate"}]},{"@type":"WebSite","@id":"https:\/\/goolets.net\/pt-pt\/#website","url":"https:\/\/goolets.net\/pt-pt\/","name":"Goolets","description":"","publisher":{"@id":"https:\/\/goolets.net\/pt-pt\/#organization"},"potentialAction":[{"@type":"SearchAction","target":{"@type":"EntryPoint","urlTemplate":"https:\/\/goolets.net\/pt-pt\/?s={search_term_string}"},"query-input":{"@type":"PropertyValueSpecification","valueRequired":true,"valueName":"search_term_string"}}],"inLanguage":"pt-PT"},{"@type":["Organization","Place","TravelAgency"],"@id":"https:\/\/goolets.net\/pt-pt\/#organization","name":"Goolets","alternateName":"Goolets yacht charter company","url":"https:\/\/goolets.net\/pt-pt\/","logo":{"@id":"https:\/\/goolets.net\/pt-pt\/comeca-a-planear-o-teu-aluguer-de-iate\/#local-main-organization-logo"},"image":{"@id":"https:\/\/goolets.net\/pt-pt\/comeca-a-planear-o-teu-aluguer-de-iate\/#local-main-organization-logo"},"sameAs":["https:\/\/www.facebook.com\/GooletsCruising\/","https:\/\/x.com\/gooletscruising","https:\/\/www.youtube.com\/channel\/UCJi8ZtNRy07_IEaEew1-xgw","https:\/\/www.instagram.com\/goolets\/"],"foundingDate":"2005-06-01","numberOfEmployees":{"@type":"QuantitativeValue","minValue":"11","maxValue":"50"},"address":{"@id":"https:\/\/goolets.net\/pt-pt\/comeca-a-planear-o-teu-aluguer-de-iate\/#local-main-place-address"},"telephone":["+38616208891","+16463812043"],"openingHoursSpecification":[{"@type":"OpeningHoursSpecification","dayOfWeek":["Monday","Tuesday","Wednesday","Thursday","Friday","Saturday","Sunday"],"opens":"09:00","closes":"17:00"}],"email":"charter@goolets.net","vatID":"SI54963516","globalLocationNumber":"+38616208891"},{"@type":"PostalAddress","@id":"https:\/\/goolets.net\/pt-pt\/comeca-a-planear-o-teu-aluguer-de-iate\/#local-main-place-address","streetAddress":"Taborska cesta 38D","addressLocality":"Grosuplje","postalCode":"1290","addressCountry":"SI"},{"@type":"ImageObject","inLanguage":"pt-PT","@id":"https:\/\/goolets.net\/pt-pt\/comeca-a-planear-o-teu-aluguer-de-iate\/#local-main-organization-logo","url":"https:\/\/goolets.net\/wp-content\/uploads\/2025\/07\/goolets-logo.svg","contentUrl":"https:\/\/goolets.net\/wp-content\/uploads\/2025\/07\/goolets-logo.svg","width":56,"height":57,"caption":"Goolets"}]},"geo.placename":"Grosuplje","geo.region":"Eslov\u00e9nia"},"_links":{"self":[{"href":"https:\/\/goolets.net\/pt-pt\/wp-json\/wp\/v2\/pages\/51496","targetHints":{"allow":["GET"]}}],"collection":[{"href":"https:\/\/goolets.net\/pt-pt\/wp-json\/wp\/v2\/pages"}],"about":[{"href":"https:\/\/goolets.net\/pt-pt\/wp-json\/wp\/v2\/types\/page"}],"author":[{"embeddable":true,"href":"https:\/\/goolets.net\/pt-pt\/wp-json\/wp\/v2\/users\/1"}],"replies":[{"embeddable":true,"href":"https:\/\/goolets.net\/pt-pt\/wp-json\/wp\/v2\/comments?post=51496"}],"version-history":[{"count":0,"href":"https:\/\/goolets.net\/pt-pt\/wp-json\/wp\/v2\/pages\/51496\/revisions"}],"wp:attachment":[{"href":"https:\/\/goolets.net\/pt-pt\/wp-json\/wp\/v2\/media?parent=51496"}],"curies":[{"name":"wp","href":"https:\/\/api.w.org\/{rel}","templated":true}]}}