{"id":51377,"date":"2025-10-15T11:23:26","date_gmt":"2025-10-15T11:23:26","guid":{"rendered":"https:\/\/goolets.net\/a-propos-de-nous\/"},"modified":"2025-10-15T11:23:26","modified_gmt":"2025-10-15T11:23:26","slug":"a-propos-de-nous","status":"publish","type":"page","link":"https:\/\/goolets.net\/fr\/a-propos-de-nous\/","title":{"rendered":"A propos de nous"},"content":{"rendered":"<p>Chez Goolets, nous sommes passionn\u00e9s par le yachting. Ce n&rsquo;est pas seulement un travail, c&rsquo;est un mode de vie. Nous aimons travailler avec des personnes qui partagent notre enthousiasme pour l&rsquo;exploration des eaux. Nous comprenons qu&rsquo;un yacht n&rsquo;est que le d\u00e9but d&rsquo;un voyage inoubliable. Ce qui compte le plus, c&rsquo;est la capacit\u00e9 du yacht \u00e0 offrir des exp\u00e9riences uniques et extraordinaires qui dureront toute une vie.    <\/p>\n","protected":false},"excerpt":{"rendered":"<p>Chez Goolets, nous sommes passionn\u00e9s par le yachting. Ce n&rsquo;est pas seulement un travail, c&rsquo;est un mode de vie. Nous aimons travailler avec des personnes qui partagent notre enthousiasme pour l&rsquo;exploration des eaux. Nous comprenons qu&rsquo;un yacht n&rsquo;est que le d\u00e9but d&rsquo;un voyage inoubliable. Ce qui compte le plus, c&rsquo;est la capacit\u00e9 du yacht \u00e0 [&hellip;]<\/p>\n","protected":false},"author":4,"featured_media":50879,"parent":0,"menu_order":0,"comment_status":"closed","ping_status":"closed","template":"","meta":{"_acf_changed":false,"inline_featured_image":false,"footnotes":""},"class_list":["post-51377","page","type-page","status-publish","has-post-thumbnail","hentry"],"acf":[],"yoast_head":"<!-- This site is optimized with the Yoast SEO Premium plugin v26.7 (Yoast SEO v26.7) - https:\/\/yoast.com\/wordpress\/plugins\/seo\/ -->\n<title>A propos de Goolets | Experts en location de yachts de luxe<\/title>\n<meta name=\"description\" content=\"Des sp\u00e9cialistes passionn\u00e9s de la navigation de plaisance qui con\u00e7oivent des charters de luxe sur mesure et des voyages inoubliables dans le monde\" \/>\n<meta name=\"robots\" content=\"index, follow, max-snippet:-1, max-image-preview:large, max-video-preview:-1\" \/>\n<link rel=\"canonical\" href=\"https:\/\/goolets.net\/fr\/a-propos-de-nous\/\" \/>\n<meta property=\"og:locale\" content=\"fr_FR\" \/>\n<meta property=\"og:type\" content=\"article\" \/>\n<meta property=\"og:title\" content=\"A propos de nous\" \/>\n<meta property=\"og:description\" content=\"Des sp\u00e9cialistes passionn\u00e9s de la navigation de plaisance qui con\u00e7oivent des charters de luxe sur mesure et des voyages inoubliables dans le monde\" \/>\n<meta property=\"og:url\" content=\"https:\/\/goolets.net\/fr\/a-propos-de-nous\/\" \/>\n<meta property=\"og:site_name\" content=\"Goolets\" \/>\n<meta property=\"article:publisher\" content=\"https:\/\/www.facebook.com\/GooletsCruising\/\" \/>\n<meta property=\"og:image\" content=\"https:\/\/goolets.net\/wp-content\/uploads\/2025\/11\/about-us-2.webp\" \/>\n\t<meta property=\"og:image:width\" content=\"1920\" \/>\n\t<meta property=\"og:image:height\" content=\"1078\" \/>\n\t<meta property=\"og:image:type\" content=\"image\/webp\" \/>\n<meta name=\"twitter:card\" content=\"summary_large_image\" \/>\n<meta name=\"twitter:site\" content=\"@gooletscruising\" \/>\n<script type=\"application\/ld+json\" class=\"yoast-schema-graph\">{\"@context\":\"https:\/\/schema.org\",\"@graph\":[{\"@type\":\"WebPage\",\"@id\":\"https:\/\/goolets.net\/fr\/a-propos-de-nous\/\",\"url\":\"https:\/\/goolets.net\/fr\/a-propos-de-nous\/\",\"name\":\"A propos de Goolets | Experts en location de yachts de luxe\",\"isPartOf\":{\"@id\":\"https:\/\/goolets.net\/fr\/#website\"},\"primaryImageOfPage\":{\"@id\":\"https:\/\/goolets.net\/fr\/a-propos-de-nous\/#primaryimage\"},\"image\":{\"@id\":\"https:\/\/goolets.net\/fr\/a-propos-de-nous\/#primaryimage\"},\"thumbnailUrl\":\"https:\/\/goolets.net\/wp-content\/uploads\/2025\/11\/about-us-2.webp\",\"datePublished\":\"2025-10-15T11:23:26+00:00\",\"description\":\"Des sp\u00e9cialistes passionn\u00e9s de la navigation de plaisance qui con\u00e7oivent des charters de luxe sur mesure et des voyages inoubliables dans le monde entier.\",\"breadcrumb\":{\"@id\":\"https:\/\/goolets.net\/fr\/a-propos-de-nous\/#breadcrumb\"},\"inLanguage\":\"fr-FR\",\"potentialAction\":[{\"@type\":\"ReadAction\",\"target\":[\"https:\/\/goolets.net\/fr\/a-propos-de-nous\/\"]}]},{\"@type\":\"ImageObject\",\"inLanguage\":\"fr-FR\",\"@id\":\"https:\/\/goolets.net\/fr\/a-propos-de-nous\/#primaryimage\",\"url\":\"https:\/\/goolets.net\/wp-content\/uploads\/2025\/11\/about-us-2.webp\",\"contentUrl\":\"https:\/\/goolets.net\/wp-content\/uploads\/2025\/11\/about-us-2.webp\",\"width\":1920,\"height\":1078,\"caption\":\"A propos de nous\"},{\"@type\":\"BreadcrumbList\",\"@id\":\"https:\/\/goolets.net\/fr\/a-propos-de-nous\/#breadcrumb\",\"itemListElement\":[{\"@type\":\"ListItem\",\"position\":1,\"name\":\"Home\",\"item\":\"https:\/\/goolets.net\/fr\/\"},{\"@type\":\"ListItem\",\"position\":2,\"name\":\"A propos de nous\"}]},{\"@type\":\"WebSite\",\"@id\":\"https:\/\/goolets.net\/fr\/#website\",\"url\":\"https:\/\/goolets.net\/fr\/\",\"name\":\"Goolets\",\"description\":\"\",\"publisher\":{\"@id\":\"https:\/\/goolets.net\/fr\/#organization\"},\"potentialAction\":[{\"@type\":\"SearchAction\",\"target\":{\"@type\":\"EntryPoint\",\"urlTemplate\":\"https:\/\/goolets.net\/fr\/?s={search_term_string}\"},\"query-input\":{\"@type\":\"PropertyValueSpecification\",\"valueRequired\":true,\"valueName\":\"search_term_string\"}}],\"inLanguage\":\"fr-FR\"},{\"@type\":[\"Organization\",\"Place\",\"TravelAgency\"],\"@id\":\"https:\/\/goolets.net\/fr\/#organization\",\"name\":\"Goolets\",\"alternateName\":\"Goolets yacht charter company\",\"url\":\"https:\/\/goolets.net\/fr\/\",\"logo\":{\"@id\":\"https:\/\/goolets.net\/fr\/a-propos-de-nous\/#local-main-organization-logo\"},\"image\":{\"@id\":\"https:\/\/goolets.net\/fr\/a-propos-de-nous\/#local-main-organization-logo\"},\"sameAs\":[\"https:\/\/www.facebook.com\/GooletsCruising\/\",\"https:\/\/x.com\/gooletscruising\",\"https:\/\/www.youtube.com\/channel\/UCJi8ZtNRy07_IEaEew1-xgw\",\"https:\/\/www.instagram.com\/goolets\/\"],\"foundingDate\":\"2005-06-01\",\"numberOfEmployees\":{\"@type\":\"QuantitativeValue\",\"minValue\":\"11\",\"maxValue\":\"50\"},\"address\":{\"@id\":\"https:\/\/goolets.net\/fr\/a-propos-de-nous\/#local-main-place-address\"},\"telephone\":[\"+38616208891\",\"+16463812043\"],\"openingHoursSpecification\":[{\"@type\":\"OpeningHoursSpecification\",\"dayOfWeek\":[\"Monday\",\"Tuesday\",\"Wednesday\",\"Thursday\",\"Friday\",\"Saturday\",\"Sunday\"],\"opens\":\"09:00\",\"closes\":\"17:00\"}],\"email\":\"charter@goolets.net\",\"vatID\":\"SI54963516\",\"globalLocationNumber\":\"+38616208891\"},{\"@type\":\"PostalAddress\",\"@id\":\"https:\/\/goolets.net\/fr\/a-propos-de-nous\/#local-main-place-address\",\"streetAddress\":\"Taborska cesta 38D\",\"addressLocality\":\"Grosuplje\",\"postalCode\":\"1290\",\"addressCountry\":\"SI\"},{\"@type\":\"ImageObject\",\"inLanguage\":\"fr-FR\",\"@id\":\"https:\/\/goolets.net\/fr\/a-propos-de-nous\/#local-main-organization-logo\",\"url\":\"https:\/\/goolets.net\/wp-content\/uploads\/2025\/07\/goolets-logo.svg\",\"contentUrl\":\"https:\/\/goolets.net\/wp-content\/uploads\/2025\/07\/goolets-logo.svg\",\"width\":56,\"height\":57,\"caption\":\"Goolets\"}]}<\/script>\n<meta name=\"geo.placename\" content=\"Grosuplje\" \/>\n<meta name=\"geo.region\" content=\"Slov\u00e9nie\" \/>\n<!-- \/ Yoast SEO Premium plugin. -->","yoast_head_json":{"title":"A propos de Goolets | Experts en location de yachts de luxe","description":"Des sp\u00e9cialistes passionn\u00e9s de la navigation de plaisance qui con\u00e7oivent des charters de luxe sur mesure et des voyages inoubliables dans le monde","robots":{"index":"index","follow":"follow","max-snippet":"max-snippet:-1","max-image-preview":"max-image-preview:large","max-video-preview":"max-video-preview:-1"},"canonical":"https:\/\/goolets.net\/fr\/a-propos-de-nous\/","og_locale":"fr_FR","og_type":"article","og_title":"A propos de nous","og_description":"Des sp\u00e9cialistes passionn\u00e9s de la navigation de plaisance qui con\u00e7oivent des charters de luxe sur mesure et des voyages inoubliables dans le monde","og_url":"https:\/\/goolets.net\/fr\/a-propos-de-nous\/","og_site_name":"Goolets","article_publisher":"https:\/\/www.facebook.com\/GooletsCruising\/","og_image":[{"width":1920,"height":1078,"url":"https:\/\/goolets.net\/wp-content\/uploads\/2025\/11\/about-us-2.webp","type":"image\/webp"}],"twitter_card":"summary_large_image","twitter_site":"@gooletscruising","schema":{"@context":"https:\/\/schema.org","@graph":[{"@type":"WebPage","@id":"https:\/\/goolets.net\/fr\/a-propos-de-nous\/","url":"https:\/\/goolets.net\/fr\/a-propos-de-nous\/","name":"A propos de Goolets | Experts en location de yachts de luxe","isPartOf":{"@id":"https:\/\/goolets.net\/fr\/#website"},"primaryImageOfPage":{"@id":"https:\/\/goolets.net\/fr\/a-propos-de-nous\/#primaryimage"},"image":{"@id":"https:\/\/goolets.net\/fr\/a-propos-de-nous\/#primaryimage"},"thumbnailUrl":"https:\/\/goolets.net\/wp-content\/uploads\/2025\/11\/about-us-2.webp","datePublished":"2025-10-15T11:23:26+00:00","description":"Des sp\u00e9cialistes passionn\u00e9s de la navigation de plaisance qui con\u00e7oivent des charters de luxe sur mesure et des voyages inoubliables dans le monde entier.","breadcrumb":{"@id":"https:\/\/goolets.net\/fr\/a-propos-de-nous\/#breadcrumb"},"inLanguage":"fr-FR","potentialAction":[{"@type":"ReadAction","target":["https:\/\/goolets.net\/fr\/a-propos-de-nous\/"]}]},{"@type":"ImageObject","inLanguage":"fr-FR","@id":"https:\/\/goolets.net\/fr\/a-propos-de-nous\/#primaryimage","url":"https:\/\/goolets.net\/wp-content\/uploads\/2025\/11\/about-us-2.webp","contentUrl":"https:\/\/goolets.net\/wp-content\/uploads\/2025\/11\/about-us-2.webp","width":1920,"height":1078,"caption":"A propos de nous"},{"@type":"BreadcrumbList","@id":"https:\/\/goolets.net\/fr\/a-propos-de-nous\/#breadcrumb","itemListElement":[{"@type":"ListItem","position":1,"name":"Home","item":"https:\/\/goolets.net\/fr\/"},{"@type":"ListItem","position":2,"name":"A propos de nous"}]},{"@type":"WebSite","@id":"https:\/\/goolets.net\/fr\/#website","url":"https:\/\/goolets.net\/fr\/","name":"Goolets","description":"","publisher":{"@id":"https:\/\/goolets.net\/fr\/#organization"},"potentialAction":[{"@type":"SearchAction","target":{"@type":"EntryPoint","urlTemplate":"https:\/\/goolets.net\/fr\/?s={search_term_string}"},"query-input":{"@type":"PropertyValueSpecification","valueRequired":true,"valueName":"search_term_string"}}],"inLanguage":"fr-FR"},{"@type":["Organization","Place","TravelAgency"],"@id":"https:\/\/goolets.net\/fr\/#organization","name":"Goolets","alternateName":"Goolets yacht charter company","url":"https:\/\/goolets.net\/fr\/","logo":{"@id":"https:\/\/goolets.net\/fr\/a-propos-de-nous\/#local-main-organization-logo"},"image":{"@id":"https:\/\/goolets.net\/fr\/a-propos-de-nous\/#local-main-organization-logo"},"sameAs":["https:\/\/www.facebook.com\/GooletsCruising\/","https:\/\/x.com\/gooletscruising","https:\/\/www.youtube.com\/channel\/UCJi8ZtNRy07_IEaEew1-xgw","https:\/\/www.instagram.com\/goolets\/"],"foundingDate":"2005-06-01","numberOfEmployees":{"@type":"QuantitativeValue","minValue":"11","maxValue":"50"},"address":{"@id":"https:\/\/goolets.net\/fr\/a-propos-de-nous\/#local-main-place-address"},"telephone":["+38616208891","+16463812043"],"openingHoursSpecification":[{"@type":"OpeningHoursSpecification","dayOfWeek":["Monday","Tuesday","Wednesday","Thursday","Friday","Saturday","Sunday"],"opens":"09:00","closes":"17:00"}],"email":"charter@goolets.net","vatID":"SI54963516","globalLocationNumber":"+38616208891"},{"@type":"PostalAddress","@id":"https:\/\/goolets.net\/fr\/a-propos-de-nous\/#local-main-place-address","streetAddress":"Taborska cesta 38D","addressLocality":"Grosuplje","postalCode":"1290","addressCountry":"SI"},{"@type":"ImageObject","inLanguage":"fr-FR","@id":"https:\/\/goolets.net\/fr\/a-propos-de-nous\/#local-main-organization-logo","url":"https:\/\/goolets.net\/wp-content\/uploads\/2025\/07\/goolets-logo.svg","contentUrl":"https:\/\/goolets.net\/wp-content\/uploads\/2025\/07\/goolets-logo.svg","width":56,"height":57,"caption":"Goolets"}]},"geo.placename":"Grosuplje","geo.region":"Slov\u00e9nie"},"_links":{"self":[{"href":"https:\/\/goolets.net\/fr\/wp-json\/wp\/v2\/pages\/51377","targetHints":{"allow":["GET"]}}],"collection":[{"href":"https:\/\/goolets.net\/fr\/wp-json\/wp\/v2\/pages"}],"about":[{"href":"https:\/\/goolets.net\/fr\/wp-json\/wp\/v2\/types\/page"}],"author":[{"embeddable":true,"href":"https:\/\/goolets.net\/fr\/wp-json\/wp\/v2\/users\/4"}],"replies":[{"embeddable":true,"href":"https:\/\/goolets.net\/fr\/wp-json\/wp\/v2\/comments?post=51377"}],"version-history":[{"count":0,"href":"https:\/\/goolets.net\/fr\/wp-json\/wp\/v2\/pages\/51377\/revisions"}],"wp:featuredmedia":[{"embeddable":true,"href":"https:\/\/goolets.net\/fr\/wp-json\/wp\/v2\/media\/50879"}],"wp:attachment":[{"href":"https:\/\/goolets.net\/fr\/wp-json\/wp\/v2\/media?parent=51377"}],"curies":[{"name":"wp","href":"https:\/\/api.w.org\/{rel}","templated":true}]}}