{"id":50857,"date":"2025-06-27T10:37:10","date_gmt":"2025-06-27T10:37:10","guid":{"rendered":"https:\/\/goolets.net\/redefinir-le-yachting-de-luxe\/"},"modified":"2026-03-06T13:48:19","modified_gmt":"2026-03-06T13:48:19","slug":"redefinir-le-yachting-de-luxe","status":"publish","type":"page","link":"https:\/\/goolets.net\/fr\/","title":{"rendered":"Red\u00e9finir le yachting de luxe"},"content":{"rendered":"","protected":false},"excerpt":{"rendered":"","protected":false},"author":1,"featured_media":50856,"parent":0,"menu_order":0,"comment_status":"closed","ping_status":"closed","template":"","meta":{"_acf_changed":false,"inline_featured_image":false,"footnotes":""},"class_list":["post-50857","page","type-page","status-publish","has-post-thumbnail","hentry"],"acf":[],"yoast_head":"<!-- This site is optimized with the Yoast SEO Premium plugin v26.7 (Yoast SEO v26.7) - https:\/\/yoast.com\/wordpress\/plugins\/seo\/ -->\n<title>Location de super yachts avec \u00e9quipage<\/title>\n<meta name=\"description\" content=\"Une nouvelle fa\u00e7on de louer un yacht : les m\u00eames yachts raffin\u00e9s, les m\u00eames exp\u00e9riences et la m\u00eame indulgence sans effort, rendus accessibles au\" \/>\n<meta name=\"robots\" content=\"index, follow, max-snippet:-1, max-image-preview:large, max-video-preview:-1\" \/>\n<link rel=\"canonical\" href=\"https:\/\/goolets.net\/fr\/\" \/>\n<meta property=\"og:locale\" content=\"fr_FR\" \/>\n<meta property=\"og:type\" content=\"article\" \/>\n<meta property=\"og:title\" content=\"Red\u00e9finir le yachting de luxe\" \/>\n<meta property=\"og:description\" content=\"Une nouvelle fa\u00e7on de louer un yacht : les m\u00eames yachts raffin\u00e9s, les m\u00eames exp\u00e9riences et la m\u00eame indulgence sans effort, rendus accessibles au\" \/>\n<meta property=\"og:url\" content=\"https:\/\/goolets.net\/fr\/\" \/>\n<meta property=\"og:site_name\" content=\"Goolets\" \/>\n<meta property=\"article:publisher\" content=\"https:\/\/www.facebook.com\/GooletsCruising\/\" \/>\n<meta property=\"article:modified_time\" content=\"2026-03-06T13:48:19+00:00\" \/>\n<meta property=\"og:image\" content=\"https:\/\/goolets.net\/wp-content\/uploads\/2025\/12\/1.-NOCTURNO-Sailing-scaled.avif\" \/>\n\t<meta property=\"og:image:width\" content=\"2560\" \/>\n\t<meta property=\"og:image:height\" content=\"1438\" \/>\n\t<meta property=\"og:image:type\" content=\"image\/jpeg\" \/>\n<meta name=\"twitter:card\" content=\"summary_large_image\" \/>\n<meta name=\"twitter:site\" content=\"@gooletscruising\" \/>\n<meta name=\"twitter:label1\" content=\"Dur\u00e9e de lecture estim\u00e9e\" \/>\n\t<meta name=\"twitter:data1\" content=\"1 minute\" \/>\n<script type=\"application\/ld+json\" class=\"yoast-schema-graph\">{\"@context\":\"https:\/\/schema.org\",\"@graph\":[{\"@type\":\"WebPage\",\"@id\":\"https:\/\/goolets.net\/fr\/\",\"url\":\"https:\/\/goolets.net\/fr\/\",\"name\":\"Location de super yachts avec \u00e9quipage\",\"isPartOf\":{\"@id\":\"https:\/\/goolets.net\/fr\/#website\"},\"primaryImageOfPage\":{\"@id\":\"https:\/\/goolets.net\/fr\/#primaryimage\"},\"image\":{\"@id\":\"https:\/\/goolets.net\/fr\/#primaryimage\"},\"thumbnailUrl\":\"https:\/\/goolets.net\/wp-content\/uploads\/2025\/12\/1.-NOCTURNO-Sailing-scaled.avif\",\"datePublished\":\"2025-06-27T10:37:10+00:00\",\"dateModified\":\"2026-03-06T13:48:19+00:00\",\"description\":\"Une nouvelle fa\u00e7on de louer un yacht : les m\u00eames yachts raffin\u00e9s, les m\u00eames exp\u00e9riences et la m\u00eame indulgence sans effort, rendus accessibles aux voyageurs d'aujourd'hui.\",\"breadcrumb\":{\"@id\":\"https:\/\/goolets.net\/fr\/#breadcrumb\"},\"inLanguage\":\"fr-FR\",\"potentialAction\":[{\"@type\":\"ReadAction\",\"target\":[\"https:\/\/goolets.net\/fr\/\"]}]},{\"@type\":\"ImageObject\",\"inLanguage\":\"fr-FR\",\"@id\":\"https:\/\/goolets.net\/fr\/#primaryimage\",\"url\":\"https:\/\/goolets.net\/wp-content\/uploads\/2025\/12\/1.-NOCTURNO-Sailing-scaled.avif\",\"contentUrl\":\"https:\/\/goolets.net\/wp-content\/uploads\/2025\/12\/1.-NOCTURNO-Sailing-scaled.avif\",\"width\":2560,\"height\":1438,\"caption\":\"NOCTURNO Image en vedette\"},{\"@type\":\"BreadcrumbList\",\"@id\":\"https:\/\/goolets.net\/fr\/#breadcrumb\",\"itemListElement\":[{\"@type\":\"ListItem\",\"position\":1,\"name\":\"Home\",\"item\":\"https:\/\/goolets.net\/fr\/\"},{\"@type\":\"ListItem\",\"position\":2,\"name\":\"Red\u00e9finir le yachting de luxe\"}]},{\"@type\":\"WebSite\",\"@id\":\"https:\/\/goolets.net\/fr\/#website\",\"url\":\"https:\/\/goolets.net\/fr\/\",\"name\":\"Goolets\",\"description\":\"\",\"publisher\":{\"@id\":\"https:\/\/goolets.net\/fr\/#organization\"},\"potentialAction\":[{\"@type\":\"SearchAction\",\"target\":{\"@type\":\"EntryPoint\",\"urlTemplate\":\"https:\/\/goolets.net\/fr\/?s={search_term_string}\"},\"query-input\":{\"@type\":\"PropertyValueSpecification\",\"valueRequired\":true,\"valueName\":\"search_term_string\"}}],\"inLanguage\":\"fr-FR\"},{\"@type\":[\"Organization\",\"Place\",\"TravelAgency\"],\"@id\":\"https:\/\/goolets.net\/fr\/#organization\",\"name\":\"Goolets\",\"alternateName\":\"Goolets yacht charter company\",\"url\":\"https:\/\/goolets.net\/fr\/\",\"logo\":{\"@id\":\"https:\/\/goolets.net\/fr\/#local-main-organization-logo\"},\"image\":{\"@id\":\"https:\/\/goolets.net\/fr\/#local-main-organization-logo\"},\"sameAs\":[\"https:\/\/www.facebook.com\/GooletsCruising\/\",\"https:\/\/x.com\/gooletscruising\",\"https:\/\/www.youtube.com\/channel\/UCJi8ZtNRy07_IEaEew1-xgw\",\"https:\/\/www.instagram.com\/goolets\/\"],\"foundingDate\":\"2005-06-01\",\"numberOfEmployees\":{\"@type\":\"QuantitativeValue\",\"minValue\":\"11\",\"maxValue\":\"50\"},\"address\":{\"@id\":\"https:\/\/goolets.net\/fr\/#local-main-place-address\"},\"telephone\":[\"+38616208891\",\"+16463812043\"],\"openingHoursSpecification\":[{\"@type\":\"OpeningHoursSpecification\",\"dayOfWeek\":[\"Monday\",\"Tuesday\",\"Wednesday\",\"Thursday\",\"Friday\",\"Saturday\",\"Sunday\"],\"opens\":\"09:00\",\"closes\":\"17:00\"}],\"email\":\"charter@goolets.net\",\"vatID\":\"SI54963516\",\"globalLocationNumber\":\"+38616208891\"},{\"@type\":\"PostalAddress\",\"@id\":\"https:\/\/goolets.net\/fr\/#local-main-place-address\",\"streetAddress\":\"Taborska cesta 38D\",\"addressLocality\":\"Grosuplje\",\"postalCode\":\"1290\",\"addressCountry\":\"SI\"},{\"@type\":\"ImageObject\",\"inLanguage\":\"fr-FR\",\"@id\":\"https:\/\/goolets.net\/fr\/#local-main-organization-logo\",\"url\":\"https:\/\/goolets.net\/wp-content\/uploads\/2025\/07\/goolets-logo.svg\",\"contentUrl\":\"https:\/\/goolets.net\/wp-content\/uploads\/2025\/07\/goolets-logo.svg\",\"width\":56,\"height\":57,\"caption\":\"Goolets\"}]}<\/script>\n<meta name=\"geo.placename\" content=\"Grosuplje\" \/>\n<meta name=\"geo.region\" content=\"Slov\u00e9nie\" \/>\n<!-- \/ Yoast SEO Premium plugin. -->","yoast_head_json":{"title":"Location de super yachts avec \u00e9quipage","description":"Une nouvelle fa\u00e7on de louer un yacht : les m\u00eames yachts raffin\u00e9s, les m\u00eames exp\u00e9riences et la m\u00eame indulgence sans effort, rendus accessibles au","robots":{"index":"index","follow":"follow","max-snippet":"max-snippet:-1","max-image-preview":"max-image-preview:large","max-video-preview":"max-video-preview:-1"},"canonical":"https:\/\/goolets.net\/fr\/","og_locale":"fr_FR","og_type":"article","og_title":"Red\u00e9finir le yachting de luxe","og_description":"Une nouvelle fa\u00e7on de louer un yacht : les m\u00eames yachts raffin\u00e9s, les m\u00eames exp\u00e9riences et la m\u00eame indulgence sans effort, rendus accessibles au","og_url":"https:\/\/goolets.net\/fr\/","og_site_name":"Goolets","article_publisher":"https:\/\/www.facebook.com\/GooletsCruising\/","article_modified_time":"2026-03-06T13:48:19+00:00","og_image":[{"width":2560,"height":1438,"url":"https:\/\/goolets.net\/wp-content\/uploads\/2025\/12\/1.-NOCTURNO-Sailing-scaled.avif","type":"image\/jpeg"}],"twitter_card":"summary_large_image","twitter_site":"@gooletscruising","twitter_misc":{"Dur\u00e9e de lecture estim\u00e9e":"1 minute"},"schema":{"@context":"https:\/\/schema.org","@graph":[{"@type":"WebPage","@id":"https:\/\/goolets.net\/fr\/","url":"https:\/\/goolets.net\/fr\/","name":"Location de super yachts avec \u00e9quipage","isPartOf":{"@id":"https:\/\/goolets.net\/fr\/#website"},"primaryImageOfPage":{"@id":"https:\/\/goolets.net\/fr\/#primaryimage"},"image":{"@id":"https:\/\/goolets.net\/fr\/#primaryimage"},"thumbnailUrl":"https:\/\/goolets.net\/wp-content\/uploads\/2025\/12\/1.-NOCTURNO-Sailing-scaled.avif","datePublished":"2025-06-27T10:37:10+00:00","dateModified":"2026-03-06T13:48:19+00:00","description":"Une nouvelle fa\u00e7on de louer un yacht : les m\u00eames yachts raffin\u00e9s, les m\u00eames exp\u00e9riences et la m\u00eame indulgence sans effort, rendus accessibles aux voyageurs d'aujourd'hui.","breadcrumb":{"@id":"https:\/\/goolets.net\/fr\/#breadcrumb"},"inLanguage":"fr-FR","potentialAction":[{"@type":"ReadAction","target":["https:\/\/goolets.net\/fr\/"]}]},{"@type":"ImageObject","inLanguage":"fr-FR","@id":"https:\/\/goolets.net\/fr\/#primaryimage","url":"https:\/\/goolets.net\/wp-content\/uploads\/2025\/12\/1.-NOCTURNO-Sailing-scaled.avif","contentUrl":"https:\/\/goolets.net\/wp-content\/uploads\/2025\/12\/1.-NOCTURNO-Sailing-scaled.avif","width":2560,"height":1438,"caption":"NOCTURNO Image en vedette"},{"@type":"BreadcrumbList","@id":"https:\/\/goolets.net\/fr\/#breadcrumb","itemListElement":[{"@type":"ListItem","position":1,"name":"Home","item":"https:\/\/goolets.net\/fr\/"},{"@type":"ListItem","position":2,"name":"Red\u00e9finir le yachting de luxe"}]},{"@type":"WebSite","@id":"https:\/\/goolets.net\/fr\/#website","url":"https:\/\/goolets.net\/fr\/","name":"Goolets","description":"","publisher":{"@id":"https:\/\/goolets.net\/fr\/#organization"},"potentialAction":[{"@type":"SearchAction","target":{"@type":"EntryPoint","urlTemplate":"https:\/\/goolets.net\/fr\/?s={search_term_string}"},"query-input":{"@type":"PropertyValueSpecification","valueRequired":true,"valueName":"search_term_string"}}],"inLanguage":"fr-FR"},{"@type":["Organization","Place","TravelAgency"],"@id":"https:\/\/goolets.net\/fr\/#organization","name":"Goolets","alternateName":"Goolets yacht charter company","url":"https:\/\/goolets.net\/fr\/","logo":{"@id":"https:\/\/goolets.net\/fr\/#local-main-organization-logo"},"image":{"@id":"https:\/\/goolets.net\/fr\/#local-main-organization-logo"},"sameAs":["https:\/\/www.facebook.com\/GooletsCruising\/","https:\/\/x.com\/gooletscruising","https:\/\/www.youtube.com\/channel\/UCJi8ZtNRy07_IEaEew1-xgw","https:\/\/www.instagram.com\/goolets\/"],"foundingDate":"2005-06-01","numberOfEmployees":{"@type":"QuantitativeValue","minValue":"11","maxValue":"50"},"address":{"@id":"https:\/\/goolets.net\/fr\/#local-main-place-address"},"telephone":["+38616208891","+16463812043"],"openingHoursSpecification":[{"@type":"OpeningHoursSpecification","dayOfWeek":["Monday","Tuesday","Wednesday","Thursday","Friday","Saturday","Sunday"],"opens":"09:00","closes":"17:00"}],"email":"charter@goolets.net","vatID":"SI54963516","globalLocationNumber":"+38616208891"},{"@type":"PostalAddress","@id":"https:\/\/goolets.net\/fr\/#local-main-place-address","streetAddress":"Taborska cesta 38D","addressLocality":"Grosuplje","postalCode":"1290","addressCountry":"SI"},{"@type":"ImageObject","inLanguage":"fr-FR","@id":"https:\/\/goolets.net\/fr\/#local-main-organization-logo","url":"https:\/\/goolets.net\/wp-content\/uploads\/2025\/07\/goolets-logo.svg","contentUrl":"https:\/\/goolets.net\/wp-content\/uploads\/2025\/07\/goolets-logo.svg","width":56,"height":57,"caption":"Goolets"}]},"geo.placename":"Grosuplje","geo.region":"Slov\u00e9nie"},"_links":{"self":[{"href":"https:\/\/goolets.net\/fr\/wp-json\/wp\/v2\/pages\/50857","targetHints":{"allow":["GET"]}}],"collection":[{"href":"https:\/\/goolets.net\/fr\/wp-json\/wp\/v2\/pages"}],"about":[{"href":"https:\/\/goolets.net\/fr\/wp-json\/wp\/v2\/types\/page"}],"author":[{"embeddable":true,"href":"https:\/\/goolets.net\/fr\/wp-json\/wp\/v2\/users\/1"}],"replies":[{"embeddable":true,"href":"https:\/\/goolets.net\/fr\/wp-json\/wp\/v2\/comments?post=50857"}],"version-history":[{"count":3,"href":"https:\/\/goolets.net\/fr\/wp-json\/wp\/v2\/pages\/50857\/revisions"}],"predecessor-version":[{"id":55817,"href":"https:\/\/goolets.net\/fr\/wp-json\/wp\/v2\/pages\/50857\/revisions\/55817"}],"wp:featuredmedia":[{"embeddable":true,"href":"https:\/\/goolets.net\/fr\/wp-json\/wp\/v2\/media\/50856"}],"wp:attachment":[{"href":"https:\/\/goolets.net\/fr\/wp-json\/wp\/v2\/media?parent=50857"}],"curies":[{"name":"wp","href":"https:\/\/api.w.org\/{rel}","templated":true}]}}