{"id":39619,"date":"2025-10-16T09:26:07","date_gmt":"2025-10-16T09:26:07","guid":{"rendered":"https:\/\/goolets.net\/nuestra-flota\/"},"modified":"2025-11-06T11:38:35","modified_gmt":"2025-11-06T11:38:35","slug":"nuestra-flota","status":"publish","type":"page","link":"https:\/\/goolets.net\/es\/nuestra-flota\/","title":{"rendered":"Nuestra flota"},"content":{"rendered":"<p data-start=\"162\" data-end=\"456\">Nuestra flota ofrece una experiencia de alquiler extraordinaria, donde la elegancia, el confort y un servicio impecable se unen en perfecta armon\u00eda. Cada yate est\u00e1 dise\u00f1ado para ofrecer el mismo nivel de lujo y atenci\u00f3n al detalle que se encuentra en los mejores barcos del mundo, pero a un precio mucho m\u00e1s atractivo. <\/p>\n<p data-start=\"458\" data-end=\"643\">Con base en Croacia, nuestros alquileres le invitan a explorar el Adri\u00e1tico con estilo, desde calas escondidas hasta ciudades costeras atemporales, rodeado de un confort refinado y una sofisticaci\u00f3n sin esfuerzo.<\/p>\n<p data-start=\"645\" data-end=\"713\">Esto es <strong data-start=\"653\" data-end=\"671\">Smart Yachting<\/strong>: la misma experiencia de lujo, por menos.<\/p>\n","protected":false},"excerpt":{"rendered":"<p>Nuestra flota ofrece una experiencia de alquiler extraordinaria, donde la elegancia, el confort y un servicio impecable se unen en perfecta armon\u00eda. Cada yate est\u00e1 dise\u00f1ado para ofrecer el mismo nivel de lujo y atenci\u00f3n al detalle que se encuentra en los mejores barcos del mundo, pero a un precio mucho m\u00e1s atractivo. Con base [&hellip;]<\/p>\n","protected":false},"author":4,"featured_media":25147,"parent":0,"menu_order":0,"comment_status":"closed","ping_status":"closed","template":"","meta":{"_acf_changed":false,"inline_featured_image":false,"footnotes":""},"class_list":["post-39619","page","type-page","status-publish","has-post-thumbnail","hentry"],"acf":[],"yoast_head":"<!-- This site is optimized with the Yoast SEO Premium plugin v26.7 (Yoast SEO v26.7) - https:\/\/yoast.com\/wordpress\/plugins\/seo\/ -->\n<title>Flota de yates de lujo en Croacia | Goolets<\/title>\n<meta name=\"description\" content=\"Alquile un yate de lujo en Croacia y disfrute de un servicio de primera clase, un confort refinado y momentos inolvidables en el Adri\u00e1tico.\" \/>\n<meta name=\"robots\" content=\"index, follow, max-snippet:-1, max-image-preview:large, max-video-preview:-1\" \/>\n<link rel=\"canonical\" href=\"https:\/\/goolets.net\/es\/nuestra-flota\/\" \/>\n<meta property=\"og:locale\" content=\"es_ES\" \/>\n<meta property=\"og:type\" content=\"article\" \/>\n<meta property=\"og:title\" content=\"Nuestra flota\" \/>\n<meta property=\"og:description\" content=\"Alquile un yate de lujo en Croacia y disfrute de un servicio de primera clase, un confort refinado y momentos inolvidables en el Adri\u00e1tico.\" \/>\n<meta property=\"og:url\" content=\"https:\/\/goolets.net\/es\/nuestra-flota\/\" \/>\n<meta property=\"og:site_name\" content=\"Goolets\" \/>\n<meta property=\"article:publisher\" content=\"https:\/\/www.facebook.com\/GooletsCruising\/\" \/>\n<meta property=\"article:modified_time\" content=\"2025-11-06T11:38:35+00:00\" \/>\n<meta property=\"og:image\" content=\"https:\/\/goolets.da.enki.si\/wp-content\/uploads\/2025\/10\/our-fleet3-1-scaled.jpg\" \/>\n\t<meta property=\"og:image:width\" content=\"2560\" \/>\n\t<meta property=\"og:image:height\" content=\"1439\" \/>\n\t<meta property=\"og:image:type\" content=\"image\/jpeg\" \/>\n<meta name=\"twitter:card\" content=\"summary_large_image\" \/>\n<meta name=\"twitter:site\" content=\"@gooletscruising\" \/>\n<meta name=\"twitter:label1\" content=\"Tiempo de lectura\" \/>\n\t<meta name=\"twitter:data1\" content=\"1 minuto\" \/>\n<script type=\"application\/ld+json\" class=\"yoast-schema-graph\">{\"@context\":\"https:\/\/schema.org\",\"@graph\":[{\"@type\":\"WebPage\",\"@id\":\"https:\/\/goolets.net\/es\/nuestra-flota\/\",\"url\":\"https:\/\/goolets.net\/es\/nuestra-flota\/\",\"name\":\"Flota de yates de lujo en Croacia | Goolets\",\"isPartOf\":{\"@id\":\"https:\/\/goolets.net\/es\/#website\"},\"primaryImageOfPage\":{\"@id\":\"https:\/\/goolets.net\/es\/nuestra-flota\/#primaryimage\"},\"image\":{\"@id\":\"https:\/\/goolets.net\/es\/nuestra-flota\/#primaryimage\"},\"thumbnailUrl\":\"https:\/\/goolets.net\/wp-content\/uploads\/2025\/10\/our-fleet3-1-scaled.avif\",\"datePublished\":\"2025-10-16T09:26:07+00:00\",\"dateModified\":\"2025-11-06T11:38:35+00:00\",\"description\":\"Alquile un yate de lujo en Croacia y disfrute de un servicio de primera clase, un confort refinado y momentos inolvidables en el Adri\u00e1tico.\",\"breadcrumb\":{\"@id\":\"https:\/\/goolets.net\/es\/nuestra-flota\/#breadcrumb\"},\"inLanguage\":\"es\",\"potentialAction\":[{\"@type\":\"ReadAction\",\"target\":[\"https:\/\/goolets.net\/es\/nuestra-flota\/\"]}]},{\"@type\":\"ImageObject\",\"inLanguage\":\"es\",\"@id\":\"https:\/\/goolets.net\/es\/nuestra-flota\/#primaryimage\",\"url\":\"https:\/\/goolets.net\/wp-content\/uploads\/2025\/10\/our-fleet3-1-scaled.avif\",\"contentUrl\":\"https:\/\/goolets.net\/wp-content\/uploads\/2025\/10\/our-fleet3-1-scaled.avif\",\"width\":1920,\"height\":1079,\"caption\":\"Nuestra flota\"},{\"@type\":\"BreadcrumbList\",\"@id\":\"https:\/\/goolets.net\/es\/nuestra-flota\/#breadcrumb\",\"itemListElement\":[{\"@type\":\"ListItem\",\"position\":1,\"name\":\"Home\",\"item\":\"https:\/\/goolets.net\/es\/\"},{\"@type\":\"ListItem\",\"position\":2,\"name\":\"Nuestra flota\"}]},{\"@type\":\"WebSite\",\"@id\":\"https:\/\/goolets.net\/es\/#website\",\"url\":\"https:\/\/goolets.net\/es\/\",\"name\":\"Goolets\",\"description\":\"\",\"publisher\":{\"@id\":\"https:\/\/goolets.net\/es\/#organization\"},\"potentialAction\":[{\"@type\":\"SearchAction\",\"target\":{\"@type\":\"EntryPoint\",\"urlTemplate\":\"https:\/\/goolets.net\/es\/?s={search_term_string}\"},\"query-input\":{\"@type\":\"PropertyValueSpecification\",\"valueRequired\":true,\"valueName\":\"search_term_string\"}}],\"inLanguage\":\"es\"},{\"@type\":[\"Organization\",\"Place\",\"TravelAgency\"],\"@id\":\"https:\/\/goolets.net\/es\/#organization\",\"name\":\"Goolets\",\"alternateName\":\"Goolets yacht charter company\",\"url\":\"https:\/\/goolets.net\/es\/\",\"logo\":{\"@id\":\"https:\/\/goolets.net\/es\/nuestra-flota\/#local-main-organization-logo\"},\"image\":{\"@id\":\"https:\/\/goolets.net\/es\/nuestra-flota\/#local-main-organization-logo\"},\"sameAs\":[\"https:\/\/www.facebook.com\/GooletsCruising\/\",\"https:\/\/x.com\/gooletscruising\",\"https:\/\/www.youtube.com\/channel\/UCJi8ZtNRy07_IEaEew1-xgw\",\"https:\/\/www.instagram.com\/goolets\/\"],\"foundingDate\":\"2005-06-01\",\"numberOfEmployees\":{\"@type\":\"QuantitativeValue\",\"minValue\":\"11\",\"maxValue\":\"50\"},\"address\":{\"@id\":\"https:\/\/goolets.net\/es\/nuestra-flota\/#local-main-place-address\"},\"telephone\":[\"+38616208891\",\"+16463812043\"],\"openingHoursSpecification\":[{\"@type\":\"OpeningHoursSpecification\",\"dayOfWeek\":[\"Monday\",\"Tuesday\",\"Wednesday\",\"Thursday\",\"Friday\",\"Saturday\",\"Sunday\"],\"opens\":\"09:00\",\"closes\":\"17:00\"}],\"email\":\"charter@goolets.net\",\"vatID\":\"SI54963516\",\"globalLocationNumber\":\"+38616208891\"},{\"@type\":\"PostalAddress\",\"@id\":\"https:\/\/goolets.net\/es\/nuestra-flota\/#local-main-place-address\",\"streetAddress\":\"Taborska cesta 38D\",\"addressLocality\":\"Grosuplje\",\"postalCode\":\"1290\",\"addressCountry\":\"SI\"},{\"@type\":\"ImageObject\",\"inLanguage\":\"es\",\"@id\":\"https:\/\/goolets.net\/es\/nuestra-flota\/#local-main-organization-logo\",\"url\":\"https:\/\/goolets.net\/wp-content\/uploads\/2025\/07\/goolets-logo.svg\",\"contentUrl\":\"https:\/\/goolets.net\/wp-content\/uploads\/2025\/07\/goolets-logo.svg\",\"width\":56,\"height\":57,\"caption\":\"Goolets\"}]}<\/script>\n<meta name=\"geo.placename\" content=\"Grosuplje\" \/>\n<meta name=\"geo.region\" content=\"Eslovenia\" \/>\n<!-- \/ Yoast SEO Premium plugin. -->","yoast_head_json":{"title":"Flota de yates de lujo en Croacia | Goolets","description":"Alquile un yate de lujo en Croacia y disfrute de un servicio de primera clase, un confort refinado y momentos inolvidables en el Adri\u00e1tico.","robots":{"index":"index","follow":"follow","max-snippet":"max-snippet:-1","max-image-preview":"max-image-preview:large","max-video-preview":"max-video-preview:-1"},"canonical":"https:\/\/goolets.net\/es\/nuestra-flota\/","og_locale":"es_ES","og_type":"article","og_title":"Nuestra flota","og_description":"Alquile un yate de lujo en Croacia y disfrute de un servicio de primera clase, un confort refinado y momentos inolvidables en el Adri\u00e1tico.","og_url":"https:\/\/goolets.net\/es\/nuestra-flota\/","og_site_name":"Goolets","article_publisher":"https:\/\/www.facebook.com\/GooletsCruising\/","article_modified_time":"2025-11-06T11:38:35+00:00","og_image":[{"width":2560,"height":1439,"url":"https:\/\/goolets.da.enki.si\/wp-content\/uploads\/2025\/10\/our-fleet3-1-scaled.jpg","type":"image\/jpeg"}],"twitter_card":"summary_large_image","twitter_site":"@gooletscruising","twitter_misc":{"Tiempo de lectura":"1 minuto"},"schema":{"@context":"https:\/\/schema.org","@graph":[{"@type":"WebPage","@id":"https:\/\/goolets.net\/es\/nuestra-flota\/","url":"https:\/\/goolets.net\/es\/nuestra-flota\/","name":"Flota de yates de lujo en Croacia | Goolets","isPartOf":{"@id":"https:\/\/goolets.net\/es\/#website"},"primaryImageOfPage":{"@id":"https:\/\/goolets.net\/es\/nuestra-flota\/#primaryimage"},"image":{"@id":"https:\/\/goolets.net\/es\/nuestra-flota\/#primaryimage"},"thumbnailUrl":"https:\/\/goolets.net\/wp-content\/uploads\/2025\/10\/our-fleet3-1-scaled.avif","datePublished":"2025-10-16T09:26:07+00:00","dateModified":"2025-11-06T11:38:35+00:00","description":"Alquile un yate de lujo en Croacia y disfrute de un servicio de primera clase, un confort refinado y momentos inolvidables en el Adri\u00e1tico.","breadcrumb":{"@id":"https:\/\/goolets.net\/es\/nuestra-flota\/#breadcrumb"},"inLanguage":"es","potentialAction":[{"@type":"ReadAction","target":["https:\/\/goolets.net\/es\/nuestra-flota\/"]}]},{"@type":"ImageObject","inLanguage":"es","@id":"https:\/\/goolets.net\/es\/nuestra-flota\/#primaryimage","url":"https:\/\/goolets.net\/wp-content\/uploads\/2025\/10\/our-fleet3-1-scaled.avif","contentUrl":"https:\/\/goolets.net\/wp-content\/uploads\/2025\/10\/our-fleet3-1-scaled.avif","width":1920,"height":1079,"caption":"Nuestra flota"},{"@type":"BreadcrumbList","@id":"https:\/\/goolets.net\/es\/nuestra-flota\/#breadcrumb","itemListElement":[{"@type":"ListItem","position":1,"name":"Home","item":"https:\/\/goolets.net\/es\/"},{"@type":"ListItem","position":2,"name":"Nuestra flota"}]},{"@type":"WebSite","@id":"https:\/\/goolets.net\/es\/#website","url":"https:\/\/goolets.net\/es\/","name":"Goolets","description":"","publisher":{"@id":"https:\/\/goolets.net\/es\/#organization"},"potentialAction":[{"@type":"SearchAction","target":{"@type":"EntryPoint","urlTemplate":"https:\/\/goolets.net\/es\/?s={search_term_string}"},"query-input":{"@type":"PropertyValueSpecification","valueRequired":true,"valueName":"search_term_string"}}],"inLanguage":"es"},{"@type":["Organization","Place","TravelAgency"],"@id":"https:\/\/goolets.net\/es\/#organization","name":"Goolets","alternateName":"Goolets yacht charter company","url":"https:\/\/goolets.net\/es\/","logo":{"@id":"https:\/\/goolets.net\/es\/nuestra-flota\/#local-main-organization-logo"},"image":{"@id":"https:\/\/goolets.net\/es\/nuestra-flota\/#local-main-organization-logo"},"sameAs":["https:\/\/www.facebook.com\/GooletsCruising\/","https:\/\/x.com\/gooletscruising","https:\/\/www.youtube.com\/channel\/UCJi8ZtNRy07_IEaEew1-xgw","https:\/\/www.instagram.com\/goolets\/"],"foundingDate":"2005-06-01","numberOfEmployees":{"@type":"QuantitativeValue","minValue":"11","maxValue":"50"},"address":{"@id":"https:\/\/goolets.net\/es\/nuestra-flota\/#local-main-place-address"},"telephone":["+38616208891","+16463812043"],"openingHoursSpecification":[{"@type":"OpeningHoursSpecification","dayOfWeek":["Monday","Tuesday","Wednesday","Thursday","Friday","Saturday","Sunday"],"opens":"09:00","closes":"17:00"}],"email":"charter@goolets.net","vatID":"SI54963516","globalLocationNumber":"+38616208891"},{"@type":"PostalAddress","@id":"https:\/\/goolets.net\/es\/nuestra-flota\/#local-main-place-address","streetAddress":"Taborska cesta 38D","addressLocality":"Grosuplje","postalCode":"1290","addressCountry":"SI"},{"@type":"ImageObject","inLanguage":"es","@id":"https:\/\/goolets.net\/es\/nuestra-flota\/#local-main-organization-logo","url":"https:\/\/goolets.net\/wp-content\/uploads\/2025\/07\/goolets-logo.svg","contentUrl":"https:\/\/goolets.net\/wp-content\/uploads\/2025\/07\/goolets-logo.svg","width":56,"height":57,"caption":"Goolets"}]},"geo.placename":"Grosuplje","geo.region":"Eslovenia"},"_links":{"self":[{"href":"https:\/\/goolets.net\/es\/wp-json\/wp\/v2\/pages\/39619","targetHints":{"allow":["GET"]}}],"collection":[{"href":"https:\/\/goolets.net\/es\/wp-json\/wp\/v2\/pages"}],"about":[{"href":"https:\/\/goolets.net\/es\/wp-json\/wp\/v2\/types\/page"}],"author":[{"embeddable":true,"href":"https:\/\/goolets.net\/es\/wp-json\/wp\/v2\/users\/4"}],"replies":[{"embeddable":true,"href":"https:\/\/goolets.net\/es\/wp-json\/wp\/v2\/comments?post=39619"}],"version-history":[{"count":0,"href":"https:\/\/goolets.net\/es\/wp-json\/wp\/v2\/pages\/39619\/revisions"}],"wp:featuredmedia":[{"embeddable":true,"href":"https:\/\/goolets.net\/es\/wp-json\/wp\/v2\/media\/25147"}],"wp:attachment":[{"href":"https:\/\/goolets.net\/es\/wp-json\/wp\/v2\/media?parent=39619"}],"curies":[{"name":"wp","href":"https:\/\/api.w.org\/{rel}","templated":true}]}}