{"id":28809,"date":"2025-10-15T11:23:26","date_gmt":"2025-10-15T11:23:26","guid":{"rendered":"https:\/\/goolets.net\/acerca-de-nosotros\/"},"modified":"2025-10-15T11:23:26","modified_gmt":"2025-10-15T11:23:26","slug":"acerca-de-nosotros","status":"publish","type":"page","link":"https:\/\/goolets.net\/es\/acerca-de-nosotros\/","title":{"rendered":"Acerca de nosotros"},"content":{"rendered":"<p>En Goolets, nos apasiona la navegaci\u00f3n a vela. No es solo un trabajo, es un estilo de vida. Nos encanta trabajar con personas que comparten nuestro entusiasmo por explorar las aguas. Entendemos que un yate es solo el comienzo de un viaje inolvidable. Lo que m\u00e1s importa es la capacidad del yate para proporcionar experiencias \u00fanicas y extraordinarias que durar\u00e1n toda la vida.    <\/p>\n","protected":false},"excerpt":{"rendered":"<p>En Goolets, nos apasiona la navegaci\u00f3n a vela. No es solo un trabajo, es un estilo de vida. Nos encanta trabajar con personas que comparten nuestro entusiasmo por explorar las aguas. Entendemos que un yate es solo el comienzo de un viaje inolvidable. Lo que m\u00e1s importa es la capacidad del yate para proporcionar experiencias [&hellip;]<\/p>\n","protected":false},"author":4,"featured_media":41075,"parent":0,"menu_order":0,"comment_status":"closed","ping_status":"closed","template":"","meta":{"_acf_changed":false,"inline_featured_image":false,"footnotes":""},"class_list":["post-28809","page","type-page","status-publish","has-post-thumbnail","hentry"],"acf":[],"yoast_head":"<!-- This site is optimized with the Yoast SEO Premium plugin v26.7 (Yoast SEO v26.7) - https:\/\/yoast.com\/wordpress\/plugins\/seo\/ -->\n<title>Acerca de Goolets | Expertos en alquiler de yates de lujo<\/title>\n<meta name=\"description\" content=\"Especialistas apasionados en yates que elaboran charters de lujo a medida y viajes inolvidables en todo el mundo.\" \/>\n<meta name=\"robots\" content=\"index, follow, max-snippet:-1, max-image-preview:large, max-video-preview:-1\" \/>\n<link rel=\"canonical\" href=\"https:\/\/goolets.net\/es\/acerca-de-nosotros\/\" \/>\n<meta property=\"og:locale\" content=\"es_ES\" \/>\n<meta property=\"og:type\" content=\"article\" \/>\n<meta property=\"og:title\" content=\"Acerca de nosotros\" \/>\n<meta property=\"og:description\" content=\"Especialistas apasionados en yates que elaboran charters de lujo a medida y viajes inolvidables en todo el mundo.\" \/>\n<meta property=\"og:url\" content=\"https:\/\/goolets.net\/es\/acerca-de-nosotros\/\" \/>\n<meta property=\"og:site_name\" content=\"Goolets\" \/>\n<meta property=\"article:publisher\" content=\"https:\/\/www.facebook.com\/GooletsCruising\/\" \/>\n<meta property=\"og:image\" content=\"https:\/\/goolets.da.enki.si\/wp-content\/uploads\/2025\/10\/about-us-1-scaled.jpg\" \/>\n\t<meta property=\"og:image:width\" content=\"2560\" \/>\n\t<meta property=\"og:image:height\" content=\"1439\" \/>\n\t<meta property=\"og:image:type\" content=\"image\/jpeg\" \/>\n<meta name=\"twitter:card\" content=\"summary_large_image\" \/>\n<meta name=\"twitter:site\" content=\"@gooletscruising\" \/>\n<script type=\"application\/ld+json\" class=\"yoast-schema-graph\">{\"@context\":\"https:\/\/schema.org\",\"@graph\":[{\"@type\":\"WebPage\",\"@id\":\"https:\/\/goolets.net\/es\/acerca-de-nosotros\/\",\"url\":\"https:\/\/goolets.net\/es\/acerca-de-nosotros\/\",\"name\":\"Acerca de Goolets | Expertos en alquiler de yates de lujo\",\"isPartOf\":{\"@id\":\"https:\/\/goolets.net\/es\/#website\"},\"primaryImageOfPage\":{\"@id\":\"https:\/\/goolets.net\/es\/acerca-de-nosotros\/#primaryimage\"},\"image\":{\"@id\":\"https:\/\/goolets.net\/es\/acerca-de-nosotros\/#primaryimage\"},\"thumbnailUrl\":\"https:\/\/goolets.net\/wp-content\/uploads\/2025\/11\/about-us-2.webp\",\"datePublished\":\"2025-10-15T11:23:26+00:00\",\"description\":\"Especialistas apasionados en yates que elaboran charters de lujo a medida y viajes inolvidables en todo el mundo.\",\"breadcrumb\":{\"@id\":\"https:\/\/goolets.net\/es\/acerca-de-nosotros\/#breadcrumb\"},\"inLanguage\":\"es\",\"potentialAction\":[{\"@type\":\"ReadAction\",\"target\":[\"https:\/\/goolets.net\/es\/acerca-de-nosotros\/\"]}]},{\"@type\":\"ImageObject\",\"inLanguage\":\"es\",\"@id\":\"https:\/\/goolets.net\/es\/acerca-de-nosotros\/#primaryimage\",\"url\":\"https:\/\/goolets.net\/wp-content\/uploads\/2025\/11\/about-us-2.webp\",\"contentUrl\":\"https:\/\/goolets.net\/wp-content\/uploads\/2025\/11\/about-us-2.webp\",\"width\":1920,\"height\":1078,\"caption\":\"About us\"},{\"@type\":\"BreadcrumbList\",\"@id\":\"https:\/\/goolets.net\/es\/acerca-de-nosotros\/#breadcrumb\",\"itemListElement\":[{\"@type\":\"ListItem\",\"position\":1,\"name\":\"Home\",\"item\":\"https:\/\/goolets.net\/es\/\"},{\"@type\":\"ListItem\",\"position\":2,\"name\":\"Acerca de nosotros\"}]},{\"@type\":\"WebSite\",\"@id\":\"https:\/\/goolets.net\/es\/#website\",\"url\":\"https:\/\/goolets.net\/es\/\",\"name\":\"Goolets\",\"description\":\"\",\"publisher\":{\"@id\":\"https:\/\/goolets.net\/es\/#organization\"},\"potentialAction\":[{\"@type\":\"SearchAction\",\"target\":{\"@type\":\"EntryPoint\",\"urlTemplate\":\"https:\/\/goolets.net\/es\/?s={search_term_string}\"},\"query-input\":{\"@type\":\"PropertyValueSpecification\",\"valueRequired\":true,\"valueName\":\"search_term_string\"}}],\"inLanguage\":\"es\"},{\"@type\":[\"Organization\",\"Place\",\"TravelAgency\"],\"@id\":\"https:\/\/goolets.net\/es\/#organization\",\"name\":\"Goolets\",\"alternateName\":\"Goolets yacht charter company\",\"url\":\"https:\/\/goolets.net\/es\/\",\"logo\":{\"@id\":\"https:\/\/goolets.net\/es\/acerca-de-nosotros\/#local-main-organization-logo\"},\"image\":{\"@id\":\"https:\/\/goolets.net\/es\/acerca-de-nosotros\/#local-main-organization-logo\"},\"sameAs\":[\"https:\/\/www.facebook.com\/GooletsCruising\/\",\"https:\/\/x.com\/gooletscruising\",\"https:\/\/www.youtube.com\/channel\/UCJi8ZtNRy07_IEaEew1-xgw\",\"https:\/\/www.instagram.com\/goolets\/\"],\"foundingDate\":\"2005-06-01\",\"numberOfEmployees\":{\"@type\":\"QuantitativeValue\",\"minValue\":\"11\",\"maxValue\":\"50\"},\"address\":{\"@id\":\"https:\/\/goolets.net\/es\/acerca-de-nosotros\/#local-main-place-address\"},\"telephone\":[\"+38616208891\",\"+16463812043\"],\"openingHoursSpecification\":[{\"@type\":\"OpeningHoursSpecification\",\"dayOfWeek\":[\"Monday\",\"Tuesday\",\"Wednesday\",\"Thursday\",\"Friday\",\"Saturday\",\"Sunday\"],\"opens\":\"09:00\",\"closes\":\"17:00\"}],\"email\":\"charter@goolets.net\",\"vatID\":\"SI54963516\",\"globalLocationNumber\":\"+38616208891\"},{\"@type\":\"PostalAddress\",\"@id\":\"https:\/\/goolets.net\/es\/acerca-de-nosotros\/#local-main-place-address\",\"streetAddress\":\"Taborska cesta 38D\",\"addressLocality\":\"Grosuplje\",\"postalCode\":\"1290\",\"addressCountry\":\"SI\"},{\"@type\":\"ImageObject\",\"inLanguage\":\"es\",\"@id\":\"https:\/\/goolets.net\/es\/acerca-de-nosotros\/#local-main-organization-logo\",\"url\":\"https:\/\/goolets.net\/wp-content\/uploads\/2025\/07\/goolets-logo.svg\",\"contentUrl\":\"https:\/\/goolets.net\/wp-content\/uploads\/2025\/07\/goolets-logo.svg\",\"width\":56,\"height\":57,\"caption\":\"Goolets\"}]}<\/script>\n<meta name=\"geo.placename\" content=\"Grosuplje\" \/>\n<meta name=\"geo.region\" content=\"Eslovenia\" \/>\n<!-- \/ Yoast SEO Premium plugin. -->","yoast_head_json":{"title":"Acerca de Goolets | Expertos en alquiler de yates de lujo","description":"Especialistas apasionados en yates que elaboran charters de lujo a medida y viajes inolvidables en todo el mundo.","robots":{"index":"index","follow":"follow","max-snippet":"max-snippet:-1","max-image-preview":"max-image-preview:large","max-video-preview":"max-video-preview:-1"},"canonical":"https:\/\/goolets.net\/es\/acerca-de-nosotros\/","og_locale":"es_ES","og_type":"article","og_title":"Acerca de nosotros","og_description":"Especialistas apasionados en yates que elaboran charters de lujo a medida y viajes inolvidables en todo el mundo.","og_url":"https:\/\/goolets.net\/es\/acerca-de-nosotros\/","og_site_name":"Goolets","article_publisher":"https:\/\/www.facebook.com\/GooletsCruising\/","og_image":[{"width":2560,"height":1439,"url":"https:\/\/goolets.da.enki.si\/wp-content\/uploads\/2025\/10\/about-us-1-scaled.jpg","type":"image\/jpeg"}],"twitter_card":"summary_large_image","twitter_site":"@gooletscruising","schema":{"@context":"https:\/\/schema.org","@graph":[{"@type":"WebPage","@id":"https:\/\/goolets.net\/es\/acerca-de-nosotros\/","url":"https:\/\/goolets.net\/es\/acerca-de-nosotros\/","name":"Acerca de Goolets | Expertos en alquiler de yates de lujo","isPartOf":{"@id":"https:\/\/goolets.net\/es\/#website"},"primaryImageOfPage":{"@id":"https:\/\/goolets.net\/es\/acerca-de-nosotros\/#primaryimage"},"image":{"@id":"https:\/\/goolets.net\/es\/acerca-de-nosotros\/#primaryimage"},"thumbnailUrl":"https:\/\/goolets.net\/wp-content\/uploads\/2025\/11\/about-us-2.webp","datePublished":"2025-10-15T11:23:26+00:00","description":"Especialistas apasionados en yates que elaboran charters de lujo a medida y viajes inolvidables en todo el mundo.","breadcrumb":{"@id":"https:\/\/goolets.net\/es\/acerca-de-nosotros\/#breadcrumb"},"inLanguage":"es","potentialAction":[{"@type":"ReadAction","target":["https:\/\/goolets.net\/es\/acerca-de-nosotros\/"]}]},{"@type":"ImageObject","inLanguage":"es","@id":"https:\/\/goolets.net\/es\/acerca-de-nosotros\/#primaryimage","url":"https:\/\/goolets.net\/wp-content\/uploads\/2025\/11\/about-us-2.webp","contentUrl":"https:\/\/goolets.net\/wp-content\/uploads\/2025\/11\/about-us-2.webp","width":1920,"height":1078,"caption":"About us"},{"@type":"BreadcrumbList","@id":"https:\/\/goolets.net\/es\/acerca-de-nosotros\/#breadcrumb","itemListElement":[{"@type":"ListItem","position":1,"name":"Home","item":"https:\/\/goolets.net\/es\/"},{"@type":"ListItem","position":2,"name":"Acerca de nosotros"}]},{"@type":"WebSite","@id":"https:\/\/goolets.net\/es\/#website","url":"https:\/\/goolets.net\/es\/","name":"Goolets","description":"","publisher":{"@id":"https:\/\/goolets.net\/es\/#organization"},"potentialAction":[{"@type":"SearchAction","target":{"@type":"EntryPoint","urlTemplate":"https:\/\/goolets.net\/es\/?s={search_term_string}"},"query-input":{"@type":"PropertyValueSpecification","valueRequired":true,"valueName":"search_term_string"}}],"inLanguage":"es"},{"@type":["Organization","Place","TravelAgency"],"@id":"https:\/\/goolets.net\/es\/#organization","name":"Goolets","alternateName":"Goolets yacht charter company","url":"https:\/\/goolets.net\/es\/","logo":{"@id":"https:\/\/goolets.net\/es\/acerca-de-nosotros\/#local-main-organization-logo"},"image":{"@id":"https:\/\/goolets.net\/es\/acerca-de-nosotros\/#local-main-organization-logo"},"sameAs":["https:\/\/www.facebook.com\/GooletsCruising\/","https:\/\/x.com\/gooletscruising","https:\/\/www.youtube.com\/channel\/UCJi8ZtNRy07_IEaEew1-xgw","https:\/\/www.instagram.com\/goolets\/"],"foundingDate":"2005-06-01","numberOfEmployees":{"@type":"QuantitativeValue","minValue":"11","maxValue":"50"},"address":{"@id":"https:\/\/goolets.net\/es\/acerca-de-nosotros\/#local-main-place-address"},"telephone":["+38616208891","+16463812043"],"openingHoursSpecification":[{"@type":"OpeningHoursSpecification","dayOfWeek":["Monday","Tuesday","Wednesday","Thursday","Friday","Saturday","Sunday"],"opens":"09:00","closes":"17:00"}],"email":"charter@goolets.net","vatID":"SI54963516","globalLocationNumber":"+38616208891"},{"@type":"PostalAddress","@id":"https:\/\/goolets.net\/es\/acerca-de-nosotros\/#local-main-place-address","streetAddress":"Taborska cesta 38D","addressLocality":"Grosuplje","postalCode":"1290","addressCountry":"SI"},{"@type":"ImageObject","inLanguage":"es","@id":"https:\/\/goolets.net\/es\/acerca-de-nosotros\/#local-main-organization-logo","url":"https:\/\/goolets.net\/wp-content\/uploads\/2025\/07\/goolets-logo.svg","contentUrl":"https:\/\/goolets.net\/wp-content\/uploads\/2025\/07\/goolets-logo.svg","width":56,"height":57,"caption":"Goolets"}]},"geo.placename":"Grosuplje","geo.region":"Eslovenia"},"_links":{"self":[{"href":"https:\/\/goolets.net\/es\/wp-json\/wp\/v2\/pages\/28809","targetHints":{"allow":["GET"]}}],"collection":[{"href":"https:\/\/goolets.net\/es\/wp-json\/wp\/v2\/pages"}],"about":[{"href":"https:\/\/goolets.net\/es\/wp-json\/wp\/v2\/types\/page"}],"author":[{"embeddable":true,"href":"https:\/\/goolets.net\/es\/wp-json\/wp\/v2\/users\/4"}],"replies":[{"embeddable":true,"href":"https:\/\/goolets.net\/es\/wp-json\/wp\/v2\/comments?post=28809"}],"version-history":[{"count":0,"href":"https:\/\/goolets.net\/es\/wp-json\/wp\/v2\/pages\/28809\/revisions"}],"wp:featuredmedia":[{"embeddable":true,"href":"https:\/\/goolets.net\/es\/wp-json\/wp\/v2\/media\/41075"}],"wp:attachment":[{"href":"https:\/\/goolets.net\/es\/wp-json\/wp\/v2\/media?parent=28809"}],"curies":[{"name":"wp","href":"https:\/\/api.w.org\/{rel}","templated":true}]}}