{"id":51356,"date":"2025-10-15T11:23:26","date_gmt":"2025-10-15T11:23:26","guid":{"rendered":"https:\/\/goolets.net\/ueber-uns\/"},"modified":"2025-10-15T11:23:26","modified_gmt":"2025-10-15T11:23:26","slug":"ueber-uns","status":"publish","type":"page","link":"https:\/\/goolets.net\/de\/ueber-uns\/","title":{"rendered":"\u00dcber uns"},"content":{"rendered":"<p>Wir bei Goolets haben eine Leidenschaft f\u00fcr den Yachtsport. Es ist nicht nur ein Job, es ist ein Lebensstil. Wir arbeiten gerne mit Menschen zusammen, die unsere Begeisterung f\u00fcr die Erkundung der Gew\u00e4sser teilen. Wir wissen, dass eine Yacht nur der Anfang einer unvergesslichen Reise ist. Was am meisten z\u00e4hlt, ist die F\u00e4higkeit der Yacht, einzigartige und au\u00dfergew\u00f6hnliche Erlebnisse zu bieten, die ein Leben lang halten werden.    <\/p>\n","protected":false},"excerpt":{"rendered":"<p>Wir bei Goolets haben eine Leidenschaft f\u00fcr den Yachtsport. Es ist nicht nur ein Job, es ist ein Lebensstil. Wir arbeiten gerne mit Menschen zusammen, die unsere Begeisterung f\u00fcr die Erkundung der Gew\u00e4sser teilen. Wir wissen, dass eine Yacht nur der Anfang einer unvergesslichen Reise ist. Was am meisten z\u00e4hlt, ist die F\u00e4higkeit der Yacht, [&hellip;]<\/p>\n","protected":false},"author":4,"featured_media":50849,"parent":0,"menu_order":0,"comment_status":"closed","ping_status":"closed","template":"","meta":{"_acf_changed":false,"inline_featured_image":false,"footnotes":""},"class_list":["post-51356","page","type-page","status-publish","has-post-thumbnail","hentry"],"acf":[],"yoast_head":"<!-- This site is optimized with the Yoast SEO Premium plugin v26.7 (Yoast SEO v26.7) - https:\/\/yoast.com\/wordpress\/plugins\/seo\/ -->\n<title>\u00dcber Goolets | Experten f\u00fcr Luxusyachtcharter<\/title>\n<meta name=\"description\" content=\"Passionierte Yachtspezialisten, die ma\u00dfgeschneiderte Luxus-Charter und unvergessliche Reisen weltweit anbieten.\" \/>\n<meta name=\"robots\" content=\"index, follow, max-snippet:-1, max-image-preview:large, max-video-preview:-1\" \/>\n<link rel=\"canonical\" href=\"https:\/\/goolets.net\/de\/ueber-uns\/\" \/>\n<meta property=\"og:locale\" content=\"de_DE\" \/>\n<meta property=\"og:type\" content=\"article\" \/>\n<meta property=\"og:title\" content=\"\u00dcber uns\" \/>\n<meta property=\"og:description\" content=\"Passionierte Yachtspezialisten, die ma\u00dfgeschneiderte Luxus-Charter und unvergessliche Reisen weltweit anbieten.\" \/>\n<meta property=\"og:url\" content=\"https:\/\/goolets.net\/de\/ueber-uns\/\" \/>\n<meta property=\"og:site_name\" content=\"Goolets\" \/>\n<meta property=\"article:publisher\" content=\"https:\/\/www.facebook.com\/GooletsCruising\/\" \/>\n<meta property=\"og:image\" content=\"https:\/\/goolets.net\/wp-content\/uploads\/2025\/11\/about-us-2.webp\" \/>\n\t<meta property=\"og:image:width\" content=\"1920\" \/>\n\t<meta property=\"og:image:height\" content=\"1078\" \/>\n\t<meta property=\"og:image:type\" content=\"image\/webp\" \/>\n<meta name=\"twitter:card\" content=\"summary_large_image\" \/>\n<meta name=\"twitter:site\" content=\"@gooletscruising\" \/>\n<script type=\"application\/ld+json\" class=\"yoast-schema-graph\">{\"@context\":\"https:\/\/schema.org\",\"@graph\":[{\"@type\":\"WebPage\",\"@id\":\"https:\/\/goolets.net\/de\/ueber-uns\/\",\"url\":\"https:\/\/goolets.net\/de\/ueber-uns\/\",\"name\":\"\u00dcber Goolets | Experten f\u00fcr Luxusyachtcharter\",\"isPartOf\":{\"@id\":\"https:\/\/goolets.net\/de\/#website\"},\"primaryImageOfPage\":{\"@id\":\"https:\/\/goolets.net\/de\/ueber-uns\/#primaryimage\"},\"image\":{\"@id\":\"https:\/\/goolets.net\/de\/ueber-uns\/#primaryimage\"},\"thumbnailUrl\":\"https:\/\/goolets.net\/wp-content\/uploads\/2025\/11\/about-us-2.webp\",\"datePublished\":\"2025-10-15T11:23:26+00:00\",\"description\":\"Passionierte Yachtspezialisten, die ma\u00dfgeschneiderte Luxus-Charter und unvergessliche Reisen weltweit anbieten.\",\"breadcrumb\":{\"@id\":\"https:\/\/goolets.net\/de\/ueber-uns\/#breadcrumb\"},\"inLanguage\":\"de\",\"potentialAction\":[{\"@type\":\"ReadAction\",\"target\":[\"https:\/\/goolets.net\/de\/ueber-uns\/\"]}]},{\"@type\":\"ImageObject\",\"inLanguage\":\"de\",\"@id\":\"https:\/\/goolets.net\/de\/ueber-uns\/#primaryimage\",\"url\":\"https:\/\/goolets.net\/wp-content\/uploads\/2025\/11\/about-us-2.webp\",\"contentUrl\":\"https:\/\/goolets.net\/wp-content\/uploads\/2025\/11\/about-us-2.webp\",\"width\":1920,\"height\":1078,\"caption\":\"\u00dcber uns\"},{\"@type\":\"BreadcrumbList\",\"@id\":\"https:\/\/goolets.net\/de\/ueber-uns\/#breadcrumb\",\"itemListElement\":[{\"@type\":\"ListItem\",\"position\":1,\"name\":\"Home\",\"item\":\"https:\/\/goolets.net\/de\/\"},{\"@type\":\"ListItem\",\"position\":2,\"name\":\"\u00dcber uns\"}]},{\"@type\":\"WebSite\",\"@id\":\"https:\/\/goolets.net\/de\/#website\",\"url\":\"https:\/\/goolets.net\/de\/\",\"name\":\"Goolets\",\"description\":\"\",\"publisher\":{\"@id\":\"https:\/\/goolets.net\/de\/#organization\"},\"potentialAction\":[{\"@type\":\"SearchAction\",\"target\":{\"@type\":\"EntryPoint\",\"urlTemplate\":\"https:\/\/goolets.net\/de\/?s={search_term_string}\"},\"query-input\":{\"@type\":\"PropertyValueSpecification\",\"valueRequired\":true,\"valueName\":\"search_term_string\"}}],\"inLanguage\":\"de\"},{\"@type\":[\"Organization\",\"Place\",\"TravelAgency\"],\"@id\":\"https:\/\/goolets.net\/de\/#organization\",\"name\":\"Goolets\",\"alternateName\":\"Goolets yacht charter company\",\"url\":\"https:\/\/goolets.net\/de\/\",\"logo\":{\"@id\":\"https:\/\/goolets.net\/de\/ueber-uns\/#local-main-organization-logo\"},\"image\":{\"@id\":\"https:\/\/goolets.net\/de\/ueber-uns\/#local-main-organization-logo\"},\"sameAs\":[\"https:\/\/www.facebook.com\/GooletsCruising\/\",\"https:\/\/x.com\/gooletscruising\",\"https:\/\/www.youtube.com\/channel\/UCJi8ZtNRy07_IEaEew1-xgw\",\"https:\/\/www.instagram.com\/goolets\/\"],\"foundingDate\":\"2005-06-01\",\"numberOfEmployees\":{\"@type\":\"QuantitativeValue\",\"minValue\":\"11\",\"maxValue\":\"50\"},\"address\":{\"@id\":\"https:\/\/goolets.net\/de\/ueber-uns\/#local-main-place-address\"},\"telephone\":[\"+38616208891\",\"+16463812043\"],\"openingHoursSpecification\":[{\"@type\":\"OpeningHoursSpecification\",\"dayOfWeek\":[\"Monday\",\"Tuesday\",\"Wednesday\",\"Thursday\",\"Friday\",\"Saturday\",\"Sunday\"],\"opens\":\"09:00\",\"closes\":\"17:00\"}],\"email\":\"charter@goolets.net\",\"vatID\":\"SI54963516\",\"globalLocationNumber\":\"+38616208891\"},{\"@type\":\"PostalAddress\",\"@id\":\"https:\/\/goolets.net\/de\/ueber-uns\/#local-main-place-address\",\"streetAddress\":\"Taborska cesta 38D\",\"addressLocality\":\"Grosuplje\",\"postalCode\":\"1290\",\"addressCountry\":\"SI\"},{\"@type\":\"ImageObject\",\"inLanguage\":\"de\",\"@id\":\"https:\/\/goolets.net\/de\/ueber-uns\/#local-main-organization-logo\",\"url\":\"https:\/\/goolets.net\/wp-content\/uploads\/2025\/07\/goolets-logo.svg\",\"contentUrl\":\"https:\/\/goolets.net\/wp-content\/uploads\/2025\/07\/goolets-logo.svg\",\"width\":56,\"height\":57,\"caption\":\"Goolets\"}]}<\/script>\n<meta name=\"geo.placename\" content=\"Grosuplje\" \/>\n<meta name=\"geo.region\" content=\"Slovenien\" \/>\n<!-- \/ Yoast SEO Premium plugin. -->","yoast_head_json":{"title":"\u00dcber Goolets | Experten f\u00fcr Luxusyachtcharter","description":"Passionierte Yachtspezialisten, die ma\u00dfgeschneiderte Luxus-Charter und unvergessliche Reisen weltweit anbieten.","robots":{"index":"index","follow":"follow","max-snippet":"max-snippet:-1","max-image-preview":"max-image-preview:large","max-video-preview":"max-video-preview:-1"},"canonical":"https:\/\/goolets.net\/de\/ueber-uns\/","og_locale":"de_DE","og_type":"article","og_title":"\u00dcber uns","og_description":"Passionierte Yachtspezialisten, die ma\u00dfgeschneiderte Luxus-Charter und unvergessliche Reisen weltweit anbieten.","og_url":"https:\/\/goolets.net\/de\/ueber-uns\/","og_site_name":"Goolets","article_publisher":"https:\/\/www.facebook.com\/GooletsCruising\/","og_image":[{"width":1920,"height":1078,"url":"https:\/\/goolets.net\/wp-content\/uploads\/2025\/11\/about-us-2.webp","type":"image\/webp"}],"twitter_card":"summary_large_image","twitter_site":"@gooletscruising","schema":{"@context":"https:\/\/schema.org","@graph":[{"@type":"WebPage","@id":"https:\/\/goolets.net\/de\/ueber-uns\/","url":"https:\/\/goolets.net\/de\/ueber-uns\/","name":"\u00dcber Goolets | Experten f\u00fcr Luxusyachtcharter","isPartOf":{"@id":"https:\/\/goolets.net\/de\/#website"},"primaryImageOfPage":{"@id":"https:\/\/goolets.net\/de\/ueber-uns\/#primaryimage"},"image":{"@id":"https:\/\/goolets.net\/de\/ueber-uns\/#primaryimage"},"thumbnailUrl":"https:\/\/goolets.net\/wp-content\/uploads\/2025\/11\/about-us-2.webp","datePublished":"2025-10-15T11:23:26+00:00","description":"Passionierte Yachtspezialisten, die ma\u00dfgeschneiderte Luxus-Charter und unvergessliche Reisen weltweit anbieten.","breadcrumb":{"@id":"https:\/\/goolets.net\/de\/ueber-uns\/#breadcrumb"},"inLanguage":"de","potentialAction":[{"@type":"ReadAction","target":["https:\/\/goolets.net\/de\/ueber-uns\/"]}]},{"@type":"ImageObject","inLanguage":"de","@id":"https:\/\/goolets.net\/de\/ueber-uns\/#primaryimage","url":"https:\/\/goolets.net\/wp-content\/uploads\/2025\/11\/about-us-2.webp","contentUrl":"https:\/\/goolets.net\/wp-content\/uploads\/2025\/11\/about-us-2.webp","width":1920,"height":1078,"caption":"\u00dcber uns"},{"@type":"BreadcrumbList","@id":"https:\/\/goolets.net\/de\/ueber-uns\/#breadcrumb","itemListElement":[{"@type":"ListItem","position":1,"name":"Home","item":"https:\/\/goolets.net\/de\/"},{"@type":"ListItem","position":2,"name":"\u00dcber uns"}]},{"@type":"WebSite","@id":"https:\/\/goolets.net\/de\/#website","url":"https:\/\/goolets.net\/de\/","name":"Goolets","description":"","publisher":{"@id":"https:\/\/goolets.net\/de\/#organization"},"potentialAction":[{"@type":"SearchAction","target":{"@type":"EntryPoint","urlTemplate":"https:\/\/goolets.net\/de\/?s={search_term_string}"},"query-input":{"@type":"PropertyValueSpecification","valueRequired":true,"valueName":"search_term_string"}}],"inLanguage":"de"},{"@type":["Organization","Place","TravelAgency"],"@id":"https:\/\/goolets.net\/de\/#organization","name":"Goolets","alternateName":"Goolets yacht charter company","url":"https:\/\/goolets.net\/de\/","logo":{"@id":"https:\/\/goolets.net\/de\/ueber-uns\/#local-main-organization-logo"},"image":{"@id":"https:\/\/goolets.net\/de\/ueber-uns\/#local-main-organization-logo"},"sameAs":["https:\/\/www.facebook.com\/GooletsCruising\/","https:\/\/x.com\/gooletscruising","https:\/\/www.youtube.com\/channel\/UCJi8ZtNRy07_IEaEew1-xgw","https:\/\/www.instagram.com\/goolets\/"],"foundingDate":"2005-06-01","numberOfEmployees":{"@type":"QuantitativeValue","minValue":"11","maxValue":"50"},"address":{"@id":"https:\/\/goolets.net\/de\/ueber-uns\/#local-main-place-address"},"telephone":["+38616208891","+16463812043"],"openingHoursSpecification":[{"@type":"OpeningHoursSpecification","dayOfWeek":["Monday","Tuesday","Wednesday","Thursday","Friday","Saturday","Sunday"],"opens":"09:00","closes":"17:00"}],"email":"charter@goolets.net","vatID":"SI54963516","globalLocationNumber":"+38616208891"},{"@type":"PostalAddress","@id":"https:\/\/goolets.net\/de\/ueber-uns\/#local-main-place-address","streetAddress":"Taborska cesta 38D","addressLocality":"Grosuplje","postalCode":"1290","addressCountry":"SI"},{"@type":"ImageObject","inLanguage":"de","@id":"https:\/\/goolets.net\/de\/ueber-uns\/#local-main-organization-logo","url":"https:\/\/goolets.net\/wp-content\/uploads\/2025\/07\/goolets-logo.svg","contentUrl":"https:\/\/goolets.net\/wp-content\/uploads\/2025\/07\/goolets-logo.svg","width":56,"height":57,"caption":"Goolets"}]},"geo.placename":"Grosuplje","geo.region":"Slovenien"},"_links":{"self":[{"href":"https:\/\/goolets.net\/de\/wp-json\/wp\/v2\/pages\/51356","targetHints":{"allow":["GET"]}}],"collection":[{"href":"https:\/\/goolets.net\/de\/wp-json\/wp\/v2\/pages"}],"about":[{"href":"https:\/\/goolets.net\/de\/wp-json\/wp\/v2\/types\/page"}],"author":[{"embeddable":true,"href":"https:\/\/goolets.net\/de\/wp-json\/wp\/v2\/users\/4"}],"replies":[{"embeddable":true,"href":"https:\/\/goolets.net\/de\/wp-json\/wp\/v2\/comments?post=51356"}],"version-history":[{"count":0,"href":"https:\/\/goolets.net\/de\/wp-json\/wp\/v2\/pages\/51356\/revisions"}],"wp:featuredmedia":[{"embeddable":true,"href":"https:\/\/goolets.net\/de\/wp-json\/wp\/v2\/media\/50849"}],"wp:attachment":[{"href":"https:\/\/goolets.net\/de\/wp-json\/wp\/v2\/media?parent=51356"}],"curies":[{"name":"wp","href":"https:\/\/api.w.org\/{rel}","templated":true}]}}